{"id":23,"date":"2018-11-29T15:08:56","date_gmt":"2018-11-29T15:08:56","guid":{"rendered":"http:\/\/localhost\/yootheme-pro\/2019\/craft\/Website_WP\/index.php\/materials\/"},"modified":"2026-02-10T18:20:39","modified_gmt":"2026-02-10T16:20:39","slug":"solutions","status":"publish","type":"page","link":"https:\/\/www.interway.fr\/en\/solutions\/","title":{"rendered":"Solutions"},"content":{"rendered":"<h1>\n<p><span style=\"color: #ffffff;\">\u00c9cosyst\u00e8me de <\/span><br \/><span style=\"color: #ffffff;\">solutions technologiques<\/span><\/p>\n<\/h1>\n<ul>\n<li>\n<p>        <img decoding=\"async\" src=\"\/wp-content\/uploads\/Images-page-solution-wifi-interway.jpg\" alt=\"Image evoquant la solution wifi interway\"><\/p>\n<h3>Solutions R\u00e9seaux Avanc\u00e9es<\/h3>\n<div>\n<p><a class=\"uk-button uk-button-text\">Plus d&rsquo;infos<\/a><\/p>\n<\/div>\n<p><a href=\"https:\/\/www.interway.fr\/solutions-reseaux-avancees\/\"><\/a><\/p>\n<\/li>\n<li>\n<p>        <img decoding=\"async\" src=\"\/wp-content\/uploads\/Images-page-solution-monetique-interway.jpg\" alt=\"Image evoquant la solution monetique interway\"><\/p>\n<h3>Solutions de Paiement Digital<\/h3>\n<div>\n<p><a class=\"uk-button uk-button-text\">Plus d&rsquo;infos<\/a><\/p>\n<\/div>\n<p><a href=\"\/monetique\/\"><\/a><\/p>\n<\/li>\n<li>\n<p>        <img decoding=\"async\" src=\"\/wp-content\/uploads\/Images-page-solution-phygitale-giway-305263db.jpeg\" alt=\"Image evoquant les solutions sd-wan\/lan\/wan interway\"><\/p>\n<h3>Solutions Interactives Personnalis\u00e9es<\/h3>\n<div>\n<p><a class=\"uk-button uk-button-text\">Plus d&rsquo;infos<\/a><\/p>\n<\/div>\n<\/li>\n<\/ul>\n<p><!--more--><br \/>\n<!-- {\"type\":\"layout\",\"children\":[{\"type\":\"section\",\"props\":{\"image\":\"wp-content\\\/uploads\\\/Image-page-garde-solutions-Interway-1.jpg\",\"image_position\":\"center-center\",\"padding\":\"large\",\"style\":\"default\",\"title_breakpoint\":\"xl\",\"title_position\":\"top-left\",\"title_rotation\":\"left\",\"vertical_align\":\"\",\"width\":\"large\"},\"children\":[{\"type\":\"row\",\"children\":[{\"type\":\"column\",\"props\":{\"image_position\":\"center-center\",\"position_sticky_breakpoint\":\"m\",\"width_medium\":\"1-1\"},\"children\":[{\"type\":\"headline\",\"props\":{\"content\":\"\n\n<p><span style=\\\"color: #ffffff;\\\">\\u00c9cosyst\\u00e8me de <\\\/span><br \\\/><span style=\\\"color: #ffffff;\\\">solutions technologiques<\\\/span><\\\/p>\",\"maxwidth\":\"xlarge\",\"text_align\":\"left\",\"title_element\":\"h1\",\"title_style\":\"heading-small\"}}]}]}]},{\"type\":\"section\",\"props\":{\"image_position\":\"center-center\",\"style\":\"default\",\"title_breakpoint\":\"xl\",\"title_position\":\"top-left\",\"title_rotation\":\"left\",\"vertical_align\":\"\",\"width\":\"large\"},\"children\":[{\"type\":\"row\",\"children\":[{\"type\":\"column\",\"props\":{\"image_position\":\"center-center\",\"position_sticky_breakpoint\":\"m\",\"width_medium\":\"1-1\"},\"children\":[{\"type\":\"gallery\",\"props\":{\"animation\":\"none\",\"filter_align\":\"left\",\"filter_all\":true,\"filter_grid_breakpoint\":\"m\",\"filter_grid_width\":\"auto\",\"filter_position\":\"top\",\"filter_style\":\"tab\",\"grid_column_gap\":\"small\",\"grid_default\":\"1\",\"grid_medium\":\"3\",\"grid_row_gap\":\"small\",\"grid_small\":\"1\",\"image_transition\":\"scale-up\",\"image_width\":\"850\",\"item_animation\":true,\"lightbox_bg_close\":true,\"link_style\":\"default\",\"link_text\":\"\",\"margin\":\"\",\"meta_align\":\"below-title\",\"meta_element\":\"div\",\"meta_style\":\"text-meta\",\"overlay_hover\":false,\"overlay_link\":true,\"overlay_margin\":\"large\",\"overlay_maxwidth\":\"large\",\"overlay_mode\":\"caption\",\"overlay_padding\":\"large\",\"overlay_position\":\"center\",\"overlay_style\":\"overlay-default\",\"overlay_transition\":\"fade\",\"parallax_easing\":\"1\",\"show_content\":true,\"show_hover_image\":true,\"show_hover_video\":true,\"show_link\":true,\"show_meta\":true,\"show_title\":true,\"text_align\":\"center\",\"text_color\":\"light\",\"title_element\":\"h3\",\"title_hover_style\":\"reset\",\"title_style\":\"h2\"},\"children\":[{\"type\":\"gallery_item\",\"props\":{\"content\":\"\n\n<p><a class=\\\"uk-button uk-button-text\\\">Plus d'infos<\\\/a><\\\/p>\",\"image\":\"wp-content\\\/uploads\\\/Images-page-solution-wifi-interway.jpg\",\"image_alt\":\"Image evoquant la solution wifi interway\",\"link\":\"https:\\\/\\\/www.interway.fr\\\/solutions-reseaux-avancees\\\/\",\"title\":\"Solutions R\\u00e9seaux Avanc\\u00e9es\"}},{\"type\":\"gallery_item\",\"props\":{\"content\":\"\n\n<p><a class=\\\"uk-button uk-button-text\\\">Plus d'infos<\\\/a><\\\/p>\",\"image\":\"wp-content\\\/uploads\\\/Images-page-solution-monetique-interway.jpg\",\"image_alt\":\"Image evoquant la solution monetique interway\",\"link\":\"\\\/monetique\\\/\",\"title\":\"Solutions de Paiement Digital\"}},{\"type\":\"gallery_item\",\"props\":{\"content\":\"\n\n<p><a class=\\\"uk-button uk-button-text\\\">Plus d'infos<\\\/a><\\\/p>\",\"image\":\"wp-content\\\/uploads\\\/Images-page-solution-phygitale-giway-305263db.jpeg\",\"image_alt\":\"Image evoquant les solutions sd-wan\\\/lan\\\/wan interway\",\"title\":\"Solutions Interactives Personnalis\\u00e9es\"}}]}]}]}]},{\"type\":\"section\",\"props\":{\"image_position\":\"center-center\",\"style\":\"default\",\"title_breakpoint\":\"xl\",\"title_position\":\"top-left\",\"title_rotation\":\"left\",\"vertical_align\":\"\",\"width\":\"large\"},\"children\":[{\"type\":\"row\",\"children\":[{\"type\":\"column\",\"props\":{\"image_position\":\"center-center\",\"position_sticky_breakpoint\":\"m\",\"width_medium\":\"1-1\"},\"children\":[{\"type\":\"totop\",\"props\":{\"margin\":\"default\",\"title_grid_column_gap\":\"small\",\"title_grid_row_gap\":\"small\"}}]}]}]}],\"version\":\"4.5.33\"} --><\/p>\n","protected":false},"excerpt":{"rendered":"<p>\u00c9cosyst\u00e8me de solutions technologiques Solutions R\u00e9seaux Avanc\u00e9es Plus d&rsquo;infos Solutions de Paiement Digital Plus d&rsquo;infos Solutions Interactives Personnalis\u00e9es Plus d&rsquo;infos<\/p>","protected":false},"author":1,"featured_media":0,"parent":0,"menu_order":8,"comment_status":"closed","ping_status":"closed","template":"","meta":{"_monsterinsights_skip_tracking":false,"_monsterinsights_sitenote_active":false,"_monsterinsights_sitenote_note":"","_monsterinsights_sitenote_category":0,"footnotes":""},"class_list":["post-23","page","type-page","status-publish","hentry"],"jetpack_sharing_enabled":true,"_links":{"self":[{"href":"https:\/\/www.interway.fr\/en\/wp-json\/wp\/v2\/pages\/23","targetHints":{"allow":["GET"]}}],"collection":[{"href":"https:\/\/www.interway.fr\/en\/wp-json\/wp\/v2\/pages"}],"about":[{"href":"https:\/\/www.interway.fr\/en\/wp-json\/wp\/v2\/types\/page"}],"author":[{"embeddable":true,"href":"https:\/\/www.interway.fr\/en\/wp-json\/wp\/v2\/users\/1"}],"replies":[{"embeddable":true,"href":"https:\/\/www.interway.fr\/en\/wp-json\/wp\/v2\/comments?post=23"}],"version-history":[{"count":97,"href":"https:\/\/www.interway.fr\/en\/wp-json\/wp\/v2\/pages\/23\/revisions"}],"predecessor-version":[{"id":1089873,"href":"https:\/\/www.interway.fr\/en\/wp-json\/wp\/v2\/pages\/23\/revisions\/1089873"}],"wp:attachment":[{"href":"https:\/\/www.interway.fr\/en\/wp-json\/wp\/v2\/media?parent=23"}],"curies":[{"name":"wp","href":"https:\/\/api.w.org\/{rel}","templated":true}]}}