{"id":2046,"date":"2020-01-28T16:10:28","date_gmt":"2020-01-28T14:10:28","guid":{"rendered":"https:\/\/www.interway.fr\/?page_id=2046"},"modified":"2023-02-24T10:49:45","modified_gmt":"2023-02-24T08:49:45","slug":"encaissement-mobile","status":"publish","type":"page","link":"https:\/\/www.interway.fr\/en\/encaissement-mobile\/","title":{"rendered":"Encaissement Mobile"},"content":{"rendered":"<h1><span style=\"color: #ffffff;\">Encaissement<\/span><br \/><span style=\"color: #ffffff;\">Mobile<\/span><\/h1>\n<h1>\n<h2>Proposer une nouvelle exp\u00e9rience \u00e0 vos clients<\/h2>\n<\/h1>\n<div>\n<p style=\"text-align: justify;\">Notre solution d\u2019encaissement mobile, que l\u2019on appelle commun\u00e9ment \u00ab mPOS \u00bb, remet l\u2019humain au centre de la relation entre le vendeur et son client. Le vendeur accompagne le client pendant sa visite et dispose de l\u2019ensemble des outils lui permettant d\u2019assurer un vrai r\u00f4le de conseiller.\u00a0 L&rsquo;encaissement se\u00a0 r\u00e9alise de mani\u00e8re fluide, en mobilit\u00e9 et ainsi supprime l&rsquo;attente en caisse pour le client.<br \/>Vous souhaitez am\u00e9liorer l\u2019exp\u00e9rience d\u2019achat et la satisfaction de vos clients \u00e0 travers une solution d\u2019encaissement mobile, Interway vous propose une offre mobilit\u00e9 s\u00e9curis\u00e9e compl\u00e8te.<\/p>\n<\/div>\n<h1>\n<h2>Encaissez partout dans votre point de vente<\/h2>\n<\/h1>\n<div>\n<p style=\"text-align: justify;\">Expert reconnu depuis plus de 10 ans, notre offre d&rsquo;encaissement <a href=\"https:\/\/www.interway.fr\/monetique\/\">mobile<\/a> int\u00e8gre une large gamme de terminaux et de tablettes mobiles avec diff\u00e9rentes connectivit\u00e9s : WiFi, Bluetooth ou 4G.<br \/>Elle vous apporte une solution d&rsquo;encaissement mobile compl\u00e8te, clef en main, adapt\u00e9e \u00e0 vos besoins et certifi\u00e9e GIE bancaire.<br \/>Nous assurons le transport des flux bancaires via nos plateformes centralis\u00e9es et infog\u00e9rons vos terminaux via nos <a href=\"https:\/\/www.interway.fr\/services\/\">solutions globales de services manag\u00e9s<\/a>.<\/p>\n<p>\u00a0<\/p>\n<\/div>\n<p><img decoding=\"async\" src=\"wp-content\/uploads\/Screen-mpos-impression.jpg\" alt=\"Image d'encaissement mobile\"><br \/>\n<video src=\"wp-content\/uploads\/2021-03-03-Video-monetique-mobile-site-internet.mp4\" poster=\"\"><\/p>\n<h1>\n<h2>Notre concept de la mobilit\u00e9 int\u00e8gre bien plus que le terminal de paiement<\/h2>\n<\/h1>\n<div>\n<p style=\"text-align: justify;\">L\u2019enjeux de la mobilit\u00e9 est de recr\u00e9er un \u00e9change humain entre le vendeur et son client.<\/p>\n<p style=\"text-align: justify;\">De la recherche du produit jusqu\u2019\u00e0 son encaissement, il s\u2019agit de r\u00e9-humaniser le parcours d\u2019achat et de fournir au vendeur l\u2019ensemble des outils de l\u2019enseigne\u00a0: prise de commande, fid\u00e9lit\u00e9, gestion des stocks, et bien entendu encaissement.<\/p>\n<\/div>\n<p>\n    <a href=\"https:\/\/www.interway.fr\/monetique\/\">Notre offre mon\u00e9tique compl\u00e8te<\/a>\n<\/p>\n<h1>\n<h2 style=\"text-align: right;\">\u00c9cosyst\u00e8me Mobilit\u00e9<\/h2>\n<\/h1>\n<div>\n<p style=\"text-align: justify;\"><a href=\"https:\/\/www.groupe-interway.fr\/\" target=\"_blank\" rel=\"noopener\">Groupe Interway<\/a> a d\u00e9velopp\u00e9 son propre middleware afin de garantir une int\u00e9gration rapide et facile de la solution mobilit\u00e9 dans votre \u00e9cosyst\u00e8me et une interconnexion naturelle avec vos autres solutions, \u00e9quipements et logiciels.\u00a0<\/p>\n<\/div>\n<p><img decoding=\"async\" src=\"wp-content\/uploads\/Images-page-mon\u00e9tique-mobile.jpg\" alt=\"\"><\/p>\n<h1>\n<h2 style=\"text-align: center;\">N\u2019attendez plus pour dynamiser vos points de vente, am\u00e9liorer l\u2019exp\u00e9rience et la relation client vendeur.<\/h2>\n<\/h1>\n<div>\n<h4>En synth\u00e8se notre solution d&rsquo;encaissement mobile comprend :<\/h4>\n<\/div>\n<div>\n<p>\u00b7\u00a0\u00a0\u00a0\u00a0\u00a0\u00a0\u00a0Une large gamme de terminaux\u00a0 <br \/>\u00b7\u00a0\u00a0\u00a0\u00a0\u00a0\u00a0\u00a0Le transport des flux bancaires via nos plateformes centralis\u00e9es\u00a0 <br \/>\u00b7\u00a0\u00a0\u00a0\u00a0\u00a0\u00a0\u00a0L\u2019infog\u00e9rance de vos terminaux via nos solutions globales manag\u00e9s <br \/>\u00b7\u00a0\u00a0\u00a0\u00a0\u00a0\u00a0\u00a0Une expertise pour s\u00e9lectionner la solution la plus adapt\u00e9e \u00e0 vos besoins <br \/>\u00b7\u00a0\u00a0\u00a0\u00a0\u00a0\u00a0\u00a0Un middlware permettant l\u2019interconnexion entre votre logiciel d\u2019encaissement et les terminaux bancaires<\/p>\n<\/div>\n<h1>\n<h3 style=\"text-align: center;\"><span style=\"color: #ffffff;\">Vous voulez en savoir plus par rapport \u00e0 nos solutions ?<\/span><\/h3>\n<\/h1>\n<ul>\n<li>\n        <a href=\"https:\/\/www.interway.fr\/contact\/\">Contactez-nous<\/a>\n    <\/li>\n<li>\n        <a href=\"https:\/\/www.interway.fr\/contact\/\">Trouver Interway pr\u00e8s de chez vous<\/a>\n    <\/li>\n<\/ul>\n<p><!-- {\"type\":\"layout\",\"children\":[{\"type\":\"section\",\"props\":{\"style\":\"default\",\"width\":\"default\",\"vertical_align\":\"middle\",\"title_position\":\"top-left\",\"title_rotation\":\"left\",\"title_breakpoint\":\"xl\",\"image_position\":\"center-center\",\"text_color\":\"\",\"width_expand\":\"\",\"height\":\"\",\"padding\":\"large\",\"header_transparent\":\"\",\"animation\":\"\",\"image\":\"wp-content\\\/uploads\\\/Image-garde-page-Mon\\u00e9tique-interway.jpg\"},\"children\":[{\"type\":\"row\",\"props\":{\"layout\":\"1-1\",\"breakpoint\":\"m\",\"fixed_width\":\"large\",\"gutter\":\"\",\"width\":\"\",\"width_expand\":\"\",\"height\":\"\",\"margin\":\"\"},\"children\":[{\"type\":\"column\",\"props\":{\"widths\":[\"1-1\"],\"image_position\":\"center-center\",\"media_overlay_gradient\":\"\",\"vertical_align\":\"\",\"style\":\"\",\"text_color\":\"\",\"padding\":\"\"},\"children\":[{\"type\":\"headline\",\"props\":{\"title_element\":\"h1\",\"title_style\":\"h1\",\"title_decoration\":\"\",\"title_color\":\"\",\"text_align\":\"left\",\"text_align_breakpoint\":\"\",\"text_align_fallback\":\"\",\"maxwidth\":\"xlarge\",\"maxwidth_align\":\"\",\"maxwidth_breakpoint\":\"\",\"margin\":\"\",\"animation\":\"\",\"visibility\":\"\",\"content\":\"<span style=\\\"color: #ffffff;\\\">Encaissement<\\\/span><br \\\/><span style=\\\"color: #ffffff;\\\">Mobile<\\\/span>\"}}]}]}]},{\"type\":\"section\",\"props\":{\"style\":\"muted\",\"width\":\"default\",\"vertical_align\":\"middle\",\"title_position\":\"top-left\",\"title_rotation\":\"left\",\"title_breakpoint\":\"xl\",\"image_position\":\"center-center\",\"text_color\":\"\",\"width_expand\":\"\",\"height\":\"\",\"padding\":\"\",\"header_transparent\":\"\",\"animation\":\"\",\"padding_remove_bottom\":true,\"padding_remove_top\":true},\"children\":[{\"type\":\"row\",\"props\":{\"layout\":\"1-1\",\"breakpoint\":\"m\",\"fixed_width\":\"large\",\"gutter\":\"\",\"width\":\"\",\"width_expand\":\"\",\"height\":\"\",\"margin\":\"\"},\"children\":[{\"type\":\"column\",\"props\":{\"widths\":[\"1-1\"],\"image_position\":\"center-center\",\"media_overlay_gradient\":\"\",\"vertical_align\":\"\",\"style\":\"\",\"text_color\":\"\",\"padding\":\"\"},\"children\":[{\"type\":\"headline\",\"props\":{\"title_element\":\"h1\",\"title_style\":\"\",\"title_decoration\":\"\",\"title_color\":\"\",\"text_align\":\"\",\"text_align_breakpoint\":\"\",\"text_align_fallback\":\"\",\"maxwidth\":\"\",\"maxwidth_align\":\"\",\"maxwidth_breakpoint\":\"\",\"margin\":\"\",\"animation\":\"\",\"visibility\":\"\",\"content\":\"\n\n<h2>Proposer une nouvelle exp\\u00e9rience \\u00e0 vos clients<\\\/h2>\"}},{\"type\":\"text\",\"props\":{\"margin\":\"default\",\"column_breakpoint\":\"m\",\"text_style\":\"\",\"text_color\":\"\",\"text_size\":\"\",\"column\":\"\",\"text_align\":\"\",\"text_align_breakpoint\":\"\",\"text_align_fallback\":\"\",\"maxwidth\":\"\",\"maxwidth_align\":\"\",\"maxwidth_breakpoint\":\"\",\"animation\":\"\",\"visibility\":\"\",\"content\":\"\n\n<p style=\\\"text-align: justify;\\\">Notre solution d\\u2019encaissement mobile, que l\\u2019on appelle commun\\u00e9ment \\u00ab mPOS \\u00bb, remet l\\u2019humain au centre de la relation entre le vendeur et son client. Le vendeur accompagne le client pendant sa visite et dispose de l\\u2019ensemble des outils lui permettant d\\u2019assurer un vrai r\\u00f4le de conseiller.\\u00a0 L'encaissement se\\u00a0 r\\u00e9alise de mani\\u00e8re fluide, en mobilit\\u00e9 et ainsi supprime l'attente en caisse pour le client.<br \\\/>Vous souhaitez am\\u00e9liorer l\\u2019exp\\u00e9rience d\\u2019achat et la satisfaction de vos clients \\u00e0 travers une solution d\\u2019encaissement mobile, Interway vous propose une offre mobilit\\u00e9 s\\u00e9curis\\u00e9e compl\\u00e8te.<\\\/p>\"}}]}]}]},{\"type\":\"section\",\"props\":{\"style\":\"default\",\"width\":\"default\",\"vertical_align\":\"middle\",\"title_position\":\"top-left\",\"title_rotation\":\"left\",\"title_breakpoint\":\"xl\",\"image_position\":\"center-center\",\"text_color\":\"\",\"width_expand\":\"\",\"height\":\"\",\"padding\":\"\",\"header_transparent\":\"\",\"animation\":\"\"},\"children\":[{\"type\":\"row\",\"props\":{\"layout\":\",2-3\",\"breakpoint\":\"m\",\"fixed_width\":\"large\",\"gutter\":\"\",\"width\":\"\",\"width_expand\":\"\",\"height\":\"\",\"margin\":\"\"},\"children\":[{\"type\":\"column\",\"props\":{\"widths\":[\"\"],\"image_position\":\"center-center\",\"media_overlay_gradient\":\"\",\"vertical_align\":\"\",\"style\":\"\",\"text_color\":\"\",\"padding\":\"\"},\"children\":[{\"type\":\"headline\",\"props\":{\"title_element\":\"h1\",\"title_style\":\"\",\"title_decoration\":\"\",\"title_color\":\"\",\"text_align\":\"\",\"text_align_breakpoint\":\"\",\"text_align_fallback\":\"\",\"maxwidth\":\"\",\"maxwidth_align\":\"\",\"maxwidth_breakpoint\":\"\",\"margin\":\"\",\"animation\":\"\",\"visibility\":\"\",\"content\":\"\n\n<h2>Encaissez partout dans votre point de vente<\\\/h2>\"}},{\"type\":\"text\",\"props\":{\"margin\":\"default\",\"column_breakpoint\":\"m\",\"text_style\":\"\",\"text_color\":\"\",\"text_size\":\"\",\"column\":\"\",\"text_align\":\"\",\"text_align_breakpoint\":\"\",\"text_align_fallback\":\"\",\"maxwidth\":\"\",\"maxwidth_align\":\"\",\"maxwidth_breakpoint\":\"\",\"animation\":\"\",\"visibility\":\"\",\"content\":\"\n\n<p style=\\\"text-align: justify;\\\">Expert reconnu depuis plus de 10 ans, notre offre d'encaissement <a href=\\\"https:\\\/\\\/www.interway.fr\\\/monetique\\\/\\\">mobile<\\\/a> int\\u00e8gre une large gamme de terminaux et de tablettes mobiles avec diff\\u00e9rentes connectivit\\u00e9s : WiFi, Bluetooth ou 4G.<br \\\/>Elle vous apporte une solution d'encaissement mobile compl\\u00e8te, clef en main, adapt\\u00e9e \\u00e0 vos besoins et certifi\\u00e9e GIE bancaire.<br \\\/>Nous assurons le transport des flux bancaires via nos plateformes centralis\\u00e9es et infog\\u00e9rons vos terminaux via nos <a href=\\\"https:\\\/\\\/www.interway.fr\\\/services\\\/\\\">solutions globales de services manag\\u00e9s<\\\/a>.<\\\/p>\\n\n\n<p>\\u00a0<\\\/p>\"}}]},{\"type\":\"column\",\"props\":{\"widths\":[\"2-3\"],\"image_position\":\"center-center\",\"media_overlay_gradient\":\"\",\"vertical_align\":\"\",\"style\":\"\",\"text_color\":\"\",\"padding\":\"\"},\"children\":[{\"type\":\"image\",\"props\":{\"margin\":\"default\",\"image_svg_color\":\"emphasis\",\"link_target\":\"\",\"image_border\":\"\",\"image_box_shadow\":\"\",\"image_hover_box_shadow\":\"\",\"image_box_decoration\":\"\",\"text_align\":\"\",\"text_align_breakpoint\":\"\",\"text_align_fallback\":\"\",\"maxwidth\":\"\",\"maxwidth_align\":\"\",\"maxwidth_breakpoint\":\"\",\"animation\":\"\",\"visibility\":\"\",\"image\":\"wp-content\\\/uploads\\\/Screen-mpos-impression.jpg\",\"image_alt\":\"Image d'encaissement mobile\"}}]}]}]},{\"type\":\"section\",\"props\":{\"style\":\"muted\",\"width\":\"default\",\"vertical_align\":\"middle\",\"title_position\":\"top-left\",\"title_rotation\":\"left\",\"title_breakpoint\":\"xl\",\"image_position\":\"center-center\",\"text_color\":\"\",\"width_expand\":\"\",\"height\":\"\",\"padding\":\"\",\"header_transparent\":\"\",\"animation\":\"\",\"padding_remove_top\":false},\"children\":[{\"type\":\"row\",\"props\":{\"layout\":\"2-3,\",\"breakpoint\":\"m\",\"fixed_width\":\"large\",\"gutter\":\"\",\"width\":\"\",\"width_expand\":\"\",\"height\":\"\",\"margin\":\"\"},\"children\":[{\"type\":\"column\",\"props\":{\"widths\":[\"2-3\"],\"image_position\":\"center-center\",\"media_overlay_gradient\":\"\",\"vertical_align\":\"\",\"style\":\"\",\"text_color\":\"\",\"padding\":\"\"},\"children\":[{\"type\":\"video\",\"props\":{\"video_controls\":false,\"margin\":\"default\",\"video_autoplay\":\"inview\",\"video_box_shadow\":\"\",\"video_box_decoration\":\"\",\"text_align\":\"\",\"text_align_breakpoint\":\"\",\"text_align_fallback\":\"\",\"maxwidth\":\"\",\"maxwidth_align\":\"\",\"maxwidth_breakpoint\":\"\",\"animation\":\"\",\"visibility\":\"\",\"video\":\"wp-content\\\/uploads\\\/2021-03-03-Video-monetique-mobile-site-internet.mp4\",\"video_loop\":true,\"video_muted\":true,\"video_playsinline\":true}}]},{\"type\":\"column\",\"props\":{\"widths\":[\"\"],\"image_position\":\"center-center\",\"media_overlay_gradient\":\"\",\"vertical_align\":\"\",\"style\":\"\",\"text_color\":\"\",\"padding\":\"\"},\"children\":[{\"type\":\"headline\",\"props\":{\"title_element\":\"h1\",\"title_style\":\"\",\"title_decoration\":\"\",\"title_color\":\"\",\"text_align\":\"\",\"text_align_breakpoint\":\"\",\"text_align_fallback\":\"\",\"maxwidth\":\"\",\"maxwidth_align\":\"\",\"maxwidth_breakpoint\":\"\",\"margin\":\"\",\"animation\":\"\",\"visibility\":\"\",\"content\":\"\n\n<h2>Notre concept de la mobilit\\u00e9 int\\u00e8gre bien plus que le terminal de paiement<\\\/h2>\"}},{\"type\":\"text\",\"props\":{\"margin\":\"default\",\"column_breakpoint\":\"m\",\"text_style\":\"\",\"text_color\":\"\",\"text_size\":\"\",\"column\":\"\",\"text_align\":\"\",\"text_align_breakpoint\":\"\",\"text_align_fallback\":\"\",\"maxwidth\":\"\",\"maxwidth_align\":\"\",\"maxwidth_breakpoint\":\"\",\"animation\":\"\",\"visibility\":\"\",\"content\":\"\n\n<p style=\\\"text-align: justify;\\\">L\\u2019enjeux de la mobilit\\u00e9 est de recr\\u00e9er un \\u00e9change humain entre le vendeur et son client.<\\\/p>\\n\n\n<p style=\\\"text-align: justify;\\\">De la recherche du produit jusqu\\u2019\\u00e0 son encaissement, il s\\u2019agit de r\\u00e9-humaniser le parcours d\\u2019achat et de fournir au vendeur l\\u2019ensemble des outils de l\\u2019enseigne\\u00a0: prise de commande, fid\\u00e9lit\\u00e9, gestion des stocks, et bien entendu encaissement.<\\\/p>\"}},{\"type\":\"button\",\"props\":{\"gutter\":\"small\",\"margin\":\"default\",\"button_size\":\"\",\"text_align\":\"center\",\"text_align_breakpoint\":\"\",\"text_align_fallback\":\"\",\"maxwidth\":\"\",\"maxwidth_align\":\"\",\"maxwidth_breakpoint\":\"\",\"animation\":\"\",\"visibility\":\"\"},\"children\":[{\"type\":\"button_item\",\"props\":{\"button_style\":\"default\",\"icon_align\":\"left\",\"link_target\":\"\",\"content\":\"Notre offre mon\\u00e9tique compl\\u00e8te\",\"link\":\"https:\\\/\\\/www.interway.fr\\\/monetique\\\/\",\"link_title\":\"Notre offre mon\\u00e9tique compl\\u00e8te\"}}]}]}]}]},{\"type\":\"section\",\"props\":{\"style\":\"default\",\"width\":\"default\",\"vertical_align\":\"middle\",\"title_position\":\"top-left\",\"title_rotation\":\"left\",\"title_breakpoint\":\"xl\",\"image_position\":\"center-center\",\"text_color\":\"\",\"width_expand\":\"\",\"height\":\"\",\"padding\":\"\",\"header_transparent\":\"\",\"animation\":\"\"},\"children\":[{\"type\":\"row\",\"props\":{\"layout\":\",2-3\",\"breakpoint\":\"m\",\"fixed_width\":\"large\",\"gutter\":\"\",\"width\":\"\",\"width_expand\":\"\",\"height\":\"\",\"margin\":\"\"},\"children\":[{\"type\":\"column\",\"props\":{\"widths\":[\"\"],\"image_position\":\"center-center\",\"media_overlay_gradient\":\"\",\"vertical_align\":\"\",\"style\":\"\",\"text_color\":\"\",\"padding\":\"\"},\"children\":[{\"type\":\"headline\",\"props\":{\"title_element\":\"h1\",\"title_style\":\"\",\"title_decoration\":\"\",\"title_color\":\"\",\"text_align\":\"\",\"text_align_breakpoint\":\"\",\"text_align_fallback\":\"\",\"maxwidth\":\"\",\"maxwidth_align\":\"\",\"maxwidth_breakpoint\":\"\",\"margin\":\"\",\"animation\":\"\",\"visibility\":\"\",\"content\":\"\n\n<h2 style=\\\"text-align: right;\\\">\\u00c9cosyst\\u00e8me Mobilit\\u00e9<\\\/h2>\"}},{\"type\":\"text\",\"props\":{\"margin\":\"default\",\"column_breakpoint\":\"m\",\"text_style\":\"\",\"text_color\":\"\",\"text_size\":\"\",\"column\":\"\",\"text_align\":\"\",\"text_align_breakpoint\":\"\",\"text_align_fallback\":\"\",\"maxwidth\":\"\",\"maxwidth_align\":\"\",\"maxwidth_breakpoint\":\"\",\"animation\":\"\",\"visibility\":\"\",\"content\":\"\n\n<p style=\\\"text-align: justify;\\\"><a href=\\\"https:\\\/\\\/www.groupe-interway.fr\\\/\\\">Groupe Interway<\\\/a> a d\\u00e9velopp\\u00e9 son propre middleware afin de garantir une int\\u00e9gration rapide et facile de la solution mobilit\\u00e9 dans votre \\u00e9cosyst\\u00e8me et une interconnexion naturelle avec vos autres solutions, \\u00e9quipements et logiciels.\\u00a0<\\\/p>\"}}]},{\"type\":\"column\",\"props\":{\"widths\":[\"2-3\"],\"image_position\":\"center-center\",\"media_overlay_gradient\":\"\",\"vertical_align\":\"\",\"style\":\"\",\"text_color\":\"\",\"padding\":\"\"},\"children\":[{\"type\":\"image\",\"props\":{\"margin\":\"default\",\"image_svg_color\":\"emphasis\",\"link_target\":\"\",\"image_border\":\"\",\"image_box_shadow\":\"\",\"image_hover_box_shadow\":\"\",\"image_box_decoration\":\"\",\"text_align\":\"\",\"text_align_breakpoint\":\"\",\"text_align_fallback\":\"\",\"maxwidth\":\"\",\"maxwidth_align\":\"\",\"maxwidth_breakpoint\":\"\",\"animation\":\"\",\"visibility\":\"\",\"image\":\"wp-content\\\/uploads\\\/Images-page-mon\\u00e9tique-mobile.jpg\"}}]}]},{\"type\":\"row\",\"props\":{\"layout\":\"1-1\",\"breakpoint\":\"m\",\"fixed_width\":\"large\",\"gutter\":\"\",\"width\":\"\",\"width_expand\":\"\",\"height\":\"\",\"margin\":\"\"},\"children\":[{\"type\":\"column\",\"props\":{\"widths\":[\"1-1\"],\"image_position\":\"center-center\",\"media_overlay_gradient\":\"\",\"vertical_align\":\"\",\"style\":\"\",\"text_color\":\"\",\"padding\":\"\"},\"children\":[{\"type\":\"headline\",\"props\":{\"title_element\":\"h1\",\"title_style\":\"\",\"title_decoration\":\"\",\"title_color\":\"\",\"text_align\":\"\",\"text_align_breakpoint\":\"\",\"text_align_fallback\":\"\",\"maxwidth\":\"\",\"maxwidth_align\":\"\",\"maxwidth_breakpoint\":\"\",\"margin\":\"\",\"animation\":\"\",\"visibility\":\"\",\"content\":\"\n\n<h2 style=\\\"text-align: center;\\\">N\\u2019attendez plus pour dynamiser vos points de vente, am\\u00e9liorer l\\u2019exp\\u00e9rience et la relation client vendeur.<\\\/h2>\"}}]}]},{\"type\":\"row\",\"props\":{\"layout\":\"1-1\",\"breakpoint\":\"m\",\"fixed_width\":\"large\",\"gutter\":\"\",\"width\":\"\",\"width_expand\":\"\",\"height\":\"\",\"margin\":\"\"},\"children\":[{\"type\":\"column\",\"props\":{\"widths\":[\"1-1\"],\"image_position\":\"center-center\",\"media_overlay_gradient\":\"\",\"vertical_align\":\"\",\"style\":\"\",\"text_color\":\"\",\"padding\":\"\"},\"children\":[{\"type\":\"text\",\"props\":{\"margin\":\"default\",\"column_breakpoint\":\"m\",\"text_style\":\"\",\"text_color\":\"\",\"text_size\":\"\",\"column\":\"\",\"text_align\":\"\",\"text_align_breakpoint\":\"\",\"text_align_fallback\":\"\",\"maxwidth\":\"\",\"maxwidth_align\":\"\",\"maxwidth_breakpoint\":\"\",\"animation\":\"\",\"visibility\":\"\",\"content\":\"\n\n<h4>En synth\\u00e8se notre solution d'encaissement mobile comprend :<\\\/h4>\",\"margin_remove_bottom\":true,\"margin_remove_top\":false}},{\"type\":\"text\",\"props\":{\"margin\":\"default\",\"column_breakpoint\":\"m\",\"text_style\":\"\",\"text_color\":\"\",\"text_size\":\"\",\"column\":\"\",\"text_align\":\"\",\"text_align_breakpoint\":\"\",\"text_align_fallback\":\"\",\"maxwidth\":\"\",\"maxwidth_align\":\"\",\"maxwidth_breakpoint\":\"\",\"animation\":\"\",\"visibility\":\"\",\"content\":\"\n\n<p>\\u00b7\\u00a0\\u00a0\\u00a0\\u00a0\\u00a0\\u00a0\\u00a0Une large gamme de terminaux\\u00a0 <br \\\/>\\u00b7\\u00a0\\u00a0\\u00a0\\u00a0\\u00a0\\u00a0\\u00a0Le transport des flux bancaires via nos plateformes centralis\\u00e9es\\u00a0 <br \\\/>\\u00b7\\u00a0\\u00a0\\u00a0\\u00a0\\u00a0\\u00a0\\u00a0L\\u2019infog\\u00e9rance de vos terminaux via nos solutions globales manag\\u00e9s <br \\\/>\\u00b7\\u00a0\\u00a0\\u00a0\\u00a0\\u00a0\\u00a0\\u00a0Une expertise pour s\\u00e9lectionner la solution la plus adapt\\u00e9e \\u00e0 vos besoins <br \\\/>\\u00b7\\u00a0\\u00a0\\u00a0\\u00a0\\u00a0\\u00a0\\u00a0Un middlware permettant l\\u2019interconnexion entre votre logiciel d\\u2019encaissement et les terminaux bancaires<\\\/p>\",\"margin_remove_bottom\":true,\"margin_remove_top\":true}}]}]}]},{\"type\":\"section\",\"props\":{\"style\":\"secondary\",\"width\":\"default\",\"vertical_align\":\"middle\",\"title_position\":\"top-left\",\"title_rotation\":\"left\",\"title_breakpoint\":\"xl\",\"image_position\":\"center-center\",\"text_color\":\"\",\"width_expand\":\"\",\"height\":\"\",\"padding\":\"\",\"header_transparent\":\"\",\"animation\":\"\",\"padding_remove_top\":true},\"children\":[{\"type\":\"row\",\"props\":{\"layout\":\"1-1\",\"breakpoint\":\"m\",\"fixed_width\":\"large\",\"gutter\":\"\",\"width\":\"\",\"width_expand\":\"\",\"height\":\"\",\"margin\":\"\"},\"children\":[{\"type\":\"column\",\"props\":{\"widths\":[\"1-1\"],\"image_position\":\"center-center\",\"media_overlay_gradient\":\"\",\"vertical_align\":\"\",\"style\":\"\",\"text_color\":\"\",\"padding\":\"\"},\"children\":[{\"type\":\"headline\",\"props\":{\"title_element\":\"h1\",\"title_style\":\"\",\"title_decoration\":\"\",\"title_color\":\"\",\"text_align\":\"\",\"text_align_breakpoint\":\"\",\"text_align_fallback\":\"\",\"maxwidth\":\"\",\"maxwidth_align\":\"\",\"maxwidth_breakpoint\":\"\",\"margin\":\"\",\"animation\":\"\",\"visibility\":\"\",\"content\":\"\n\n<h3 style=\\\"text-align: center;\\\"><span style=\\\"color: #ffffff;\\\">Vous voulez en savoir plus par rapport \\u00e0 nos solutions ?<\\\/span><\\\/h3>\"}},{\"type\":\"button\",\"props\":{\"gutter\":\"medium\",\"margin\":\"default\",\"button_size\":\"\",\"text_align\":\"center\",\"text_align_breakpoint\":\"m\",\"text_align_fallback\":\"center\",\"maxwidth\":\"\",\"maxwidth_align\":\"\",\"maxwidth_breakpoint\":\"\",\"animation\":\"\",\"visibility\":\"\"},\"children\":[{\"type\":\"button_item\",\"props\":{\"button_style\":\"default\",\"icon_align\":\"left\",\"link_target\":\"\",\"content\":\"Contactez-nous\",\"link\":\"https:\\\/\\\/www.interway.fr\\\/contact\\\/\",\"link_title\":\"Contactez-nous\",\"icon\":\"receiver\"}},{\"type\":\"button_item\",\"props\":{\"button_style\":\"default\",\"icon_align\":\"left\",\"link_target\":\"\",\"content\":\"Trouver Interway pr\\u00e8s de chez vous\",\"link_title\":\"Trouver Interway pr\\u00e8s de chez vous\",\"link\":\"https:\\\/\\\/www.interway.fr\\\/contact\\\/\",\"icon\":\"location\"}}]}]}]}]},{\"type\":\"section\",\"props\":{\"style\":\"default\",\"width\":\"default\",\"vertical_align\":\"middle\",\"title_position\":\"top-left\",\"title_rotation\":\"left\",\"title_breakpoint\":\"xl\",\"image_position\":\"center-center\",\"text_color\":\"\",\"width_expand\":\"\",\"height\":\"\",\"padding\":\"\",\"header_transparent\":\"\",\"animation\":\"\"},\"children\":[{\"type\":\"row\",\"props\":{\"layout\":\"1-1\",\"breakpoint\":\"m\",\"fixed_width\":\"large\",\"gutter\":\"\",\"width\":\"\",\"width_expand\":\"\",\"height\":\"\",\"margin\":\"\"},\"children\":[{\"type\":\"column\",\"props\":{\"widths\":[\"1-1\"],\"image_position\":\"center-center\",\"media_overlay_gradient\":\"\",\"vertical_align\":\"\",\"style\":\"\",\"text_color\":\"\",\"padding\":\"\"},\"children\":[{\"type\":\"totop\",\"props\":{\"margin\":\"default\",\"text_align\":\"\",\"text_align_breakpoint\":\"\",\"text_align_fallback\":\"\",\"maxwidth\":\"\",\"maxwidth_align\":\"\",\"maxwidth_breakpoint\":\"\",\"animation\":\"\",\"visibility\":\"\"}}]}]}]}],\"version\":\"1.19.0\",\"props\":[]} --><\/p>\n","protected":false},"excerpt":{"rendered":"<p>EncaissementMobile Proposer une nouvelle exp\u00e9rience \u00e0 vos clients Notre solution d\u2019encaissement mobile, que l\u2019on appelle commun\u00e9ment \u00ab mPOS \u00bb, remet l\u2019humain au centre de la relation entre le vendeur et son client. Le vendeur accompagne le client pendant sa visite et dispose de l\u2019ensemble des outils lui permettant d\u2019assurer un vrai r\u00f4le de conseiller.\u00a0 L&rsquo;encaissement [&hellip;]<\/p>\n","protected":false},"author":1,"featured_media":1842,"parent":0,"menu_order":0,"comment_status":"closed","ping_status":"closed","template":"","meta":{"_monsterinsights_skip_tracking":false,"_monsterinsights_sitenote_active":false,"_monsterinsights_sitenote_note":"","_monsterinsights_sitenote_category":0,"footnotes":""},"class_list":["post-2046","page","type-page","status-publish","has-post-thumbnail","hentry"],"jetpack_sharing_enabled":true,"_links":{"self":[{"href":"https:\/\/www.interway.fr\/en\/wp-json\/wp\/v2\/pages\/2046","targetHints":{"allow":["GET"]}}],"collection":[{"href":"https:\/\/www.interway.fr\/en\/wp-json\/wp\/v2\/pages"}],"about":[{"href":"https:\/\/www.interway.fr\/en\/wp-json\/wp\/v2\/types\/page"}],"author":[{"embeddable":true,"href":"https:\/\/www.interway.fr\/en\/wp-json\/wp\/v2\/users\/1"}],"replies":[{"embeddable":true,"href":"https:\/\/www.interway.fr\/en\/wp-json\/wp\/v2\/comments?post=2046"}],"version-history":[{"count":58,"href":"https:\/\/www.interway.fr\/en\/wp-json\/wp\/v2\/pages\/2046\/revisions"}],"predecessor-version":[{"id":4226,"href":"https:\/\/www.interway.fr\/en\/wp-json\/wp\/v2\/pages\/2046\/revisions\/4226"}],"wp:featuredmedia":[{"embeddable":true,"href":"https:\/\/www.interway.fr\/en\/wp-json\/wp\/v2\/media\/1842"}],"wp:attachment":[{"href":"https:\/\/www.interway.fr\/en\/wp-json\/wp\/v2\/media?parent=2046"}],"curies":[{"name":"wp","href":"https:\/\/api.w.org\/{rel}","templated":true}]}}