{"id":183,"date":"2019-04-09T15:39:57","date_gmt":"2019-04-09T13:39:57","guid":{"rendered":"http:\/\/interway.sys1v3.instore-solution.fr\/?page_id=183"},"modified":"2025-11-25T16:59:42","modified_gmt":"2025-11-25T14:59:42","slug":"vos-metiers","status":"publish","type":"page","link":"https:\/\/www.interway.fr\/en\/vos-metiers\/","title":{"rendered":"Business Sectors"},"content":{"rendered":"<h1><span style=\"color: #ffffff;\">Vos m\u00e9tiers<\/span><\/h1>\n<h1>Interway vous accompagne dans votre digitalisation<\/h1>\n<div>\n<p>\u00a0<\/p>\n<p style=\"text-align: justify;\">D\u00e9veloppeur et int\u00e9grateur de solutions mat\u00e9rielles et logicielles, op\u00e9rateur, et prestataire de services, le groupe INTERWAY apporte aux entreprises conseil et expertise sur l\u2019ensemble de leurs besoins technologiques, particuli\u00e8rement dans les domaines des r\u00e9seaux (WAN, LAN, WIFI priv\u00e9 et public), de la mon\u00e9tique IP, de solutions interactives personnalis\u00e9es (automates, affichage dynamique, sonorisation etc.), associ\u00e9s \u00e0 notre offre de services globale (desk, infog\u00e9rance, logistique, d\u00e9ploiement).<\/p>\n<p style=\"text-align: justify;\">Nos offres s\u2019adressent \u00e0 tous, et nous sommes tr\u00e8s pr\u00e9sents chez la plupart des acteurs du retail et chez des grands compte.<\/p>\n<p>\u00a0<\/p>\n<\/div>\n<ul>\n<li>\n<p>        <img decoding=\"async\" src=\"\/wp-content\/uploads\/picto-page-secteur-PICTO-FOOD.png\" alt=\"\"><\/p>\n<h3>RESTAURATION<\/h3>\n<p><a href=\"\/solutions-digitales-restauration\/\">En savoir plus<\/a><\/p>\n<\/li>\n<li>\n<p>        <img decoding=\"async\" src=\"\/wp-content\/uploads\/picto-page-secteur-HOTEL2.png\" alt=\"\"><\/p>\n<h3>HOTELLERIE<\/h3>\n<p><a href=\"https:\/\/www.interway.fr\/hotellerie-solutions-digitales\/\">En savoir plus<\/a><\/p>\n<\/li>\n<li>\n<p>        <img decoding=\"async\" src=\"\/wp-content\/uploads\/picto-page-secteur-PICTO-RETAIL.png\" alt=\"\"><\/p>\n<h3>RETAIL<\/h3>\n<p><a href=\"\/solutions-digitales-retail\/\">En savoir plus<\/a><\/p>\n<\/li>\n<li>\n<p>        <img decoding=\"async\" src=\"\/wp-content\/uploads\/picto-page-secteur-TRANSPORT.png\" alt=\"\"><\/p>\n<h3>TRANSPORT<\/h3>\n<p><a href=\"\/solutions-digitales-transport\/\">En savoir plus<\/a><\/p>\n<\/li>\n<li>\n<p>        <img decoding=\"async\" src=\"\/wp-content\/uploads\/picto-page-secteur-banque.png\" alt=\"\"><\/p>\n<h3>BANQUE\/ASSURANCE<\/h3>\n<p><a href=\"\/solutions-digitales-banque-et-assurance\/\">En savoir plus<\/a><\/p>\n<\/li>\n<li>\n<p>        <img decoding=\"async\" src=\"\/wp-content\/uploads\/picto-page-secteur-PICTO-SMARTCITY.png\" alt=\"\"><\/p>\n<h3>GRANDS COMPTES<\/h3>\n<p><a href=\"\/grands-comptes\/\">En savoir plus<\/a><\/p>\n<\/li>\n<\/ul>\n<hr>\n<h1>\n<h2>Ecosyst\u00e8me Global<\/h2>\n<\/h1>\n<div>\n<p>Interway est un partenaire strat\u00e9gique cl\u00e9 pour la transformation digitale, offrant un soutien complet tout au long du projet.<\/p>\n<p>Nous \u00e9laborons des strat\u00e9gies sur mesure d\u00e8s la phase de conception, mettons en \u0153uvre des solutions efficaces et durables, et assurons une maintenance rigoureuse. Notre \u00e9quipe d\u2019experts est pr\u00eate \u00e0 relever les d\u00e9fis pour transformer votre vision en une r\u00e9alit\u00e9 num\u00e9rique florissante.\u00a0<\/p>\n<p>Interway est votre interlocuteur unique autour de comp\u00e9tences pluridisciplinaires permettant un accompagnement global de votre transformation digitale, de la conception \u00e0 la maintenance, en passant par la mise en \u0153uvre.<\/p>\n<\/div>\n<p><img decoding=\"async\" src=\"\/wp-content\/uploads\/sch%C3%A9ma-%C3%A9cosyst%C3%A8me-2.png\" alt=\"\"><br \/>\n<img decoding=\"async\" src=\"\/wp-content\/uploads\/ease-enjoy-connect.jpg\" alt=\"\"><\/p>\n<hr>\n<h1>\n<h2>Unifier les expertises<\/h2>\n<\/h1>\n<div>\n<p>Une exp\u00e9rience client r\u00e9ussie est la combinaison coh\u00e9rente de solutions technologiques et sensorielles.<\/p>\n<\/div>\n<h1>\n<h2 class=\"av-special-heading-tag \">Un mod\u00e8le \u00e9conomique adapt\u00e9 \u00e0 vos besoins<\/h2>\n<\/h1>\n<div>\n<p style=\"text-align: justify;\">Le Groupe Interway se distingue par la flexibilit\u00e9 de son mod\u00e8le \u00e9conomique, con\u00e7u pour r\u00e9pondre de mani\u00e8re personnalis\u00e9e aux besoins sp\u00e9cifiques de chaque entreprise. Nous offrons deux modalit\u00e9s de partenariat, chacune ajust\u00e9e pour s&rsquo;aligner parfaitement avec votre contexte op\u00e9rationnel et vos objectifs strat\u00e9giques : le Mode Liberty et le Mode Invest.<\/p>\n<\/div>\n<h1>\n<h3 style=\"text-align: center;\">Mode Liberty<\/h3>\n<\/h1>\n<div>\n<p style=\"text-align: center;\">Location du mat\u00e9riel et du service <br \/>Vos solutions technologiques peuvent \u00e9voluer \u00e0 tout moment<\/p>\n<\/div>\n<h1>\n<h3 style=\"text-align: center;\">Mode Invest<\/h3>\n<\/h1>\n<div>\n<p style=\"text-align: center;\">Achat du mat\u00e9riel et du service<br \/>Interway s\u2019adapte \u00e0 votre environnement<\/p>\n<\/div>\n<div>\n<h4 style=\"text-align: center;\">AVANTAGES\u00a0:\u00a0<\/h4>\n<p style=\"text-align: center;\">Une agilit\u00e9 remarquable, vous permettant de rester \u00e0 la pointe de l&rsquo;innovation sans les contraintes li\u00e9es \u00e0 la propri\u00e9t\u00e9 permanente<\/p>\n<\/div>\n<div>\n<h4 style=\"text-align: center;\"><span style=\"text-decoration: underline;\">AVANTAGES\u00a0:<\/span><\/h4>\n<p style=\"text-align: center;\">La possession et la ma\u00eetrise directe de leurs ressources, une stabilit\u00e9 et une int\u00e9gration profonde dans vos op\u00e9rations<\/p>\n<\/div>\n<p><!--more--><br \/>\n<!-- {\"type\":\"layout\",\"children\":[{\"type\":\"section\",\"props\":{\"image_parallax_bgx\":\"440,0\",\"image_position\":\"center-center\",\"padding\":\"large\",\"style\":\"default\",\"text_color\":\"dark\",\"title_breakpoint\":\"xl\",\"title_position\":\"top-left\",\"title_rotation\":\"left\",\"vertical_align\":\"\",\"video\":\"wp-content\\\/uploads\\\/AdobeStock_187065318.mov\",\"width\":\"large\"},\"children\":[{\"type\":\"row\",\"children\":[{\"type\":\"column\",\"props\":{\"image_position\":\"center-center\",\"position_sticky_breakpoint\":\"m\",\"width_medium\":\"1-1\"},\"children\":[{\"type\":\"headline\",\"props\":{\"content\":\"<span style=\\\"color: #ffffff;\\\">Vos m\\u00e9tiers<\\\/span>\",\"title_element\":\"h1\",\"title_style\":\"heading-small\"}}]}]}]},{\"type\":\"section\",\"props\":{\"image_position\":\"center-center\",\"padding_remove_bottom\":true,\"style\":\"default\",\"title_breakpoint\":\"xl\",\"title_position\":\"top-left\",\"title_rotation\":\"left\",\"vertical_align\":\"\",\"width\":\"large\"},\"children\":[{\"type\":\"row\",\"children\":[{\"type\":\"column\",\"props\":{\"image_position\":\"center-center\",\"position_sticky_breakpoint\":\"m\",\"width_medium\":\"1-1\"},\"children\":[{\"type\":\"headline\",\"props\":{\"content\":\"Interway vous accompagne dans votre digitalisation\",\"title_element\":\"h1\",\"title_style\":\"heading-small\"}},{\"type\":\"text\",\"props\":{\"column_breakpoint\":\"m\",\"content\":\"\n\n<p>\\u00a0<\\\/p>\\n\n\n<p style=\\\"text-align: justify;\\\">D\\u00e9veloppeur et int\\u00e9grateur de solutions mat\\u00e9rielles et logicielles, op\\u00e9rateur, et prestataire de services, le groupe INTERWAY apporte aux entreprises conseil et expertise sur l\\u2019ensemble de leurs besoins technologiques, particuli\\u00e8rement dans les domaines des r\\u00e9seaux (WAN, LAN, WIFI priv\\u00e9 et public), de la mon\\u00e9tique IP, de solutions interactives personnalis\\u00e9es (automates, affichage dynamique, sonorisation etc.), associ\\u00e9s \\u00e0 notre offre de services globale (desk, infog\\u00e9rance, logistique, d\\u00e9ploiement).<\\\/p>\\n\n\n<p style=\\\"text-align: justify;\\\">Nos offres s\\u2019adressent \\u00e0 tous, et nous sommes tr\\u00e8s pr\\u00e9sents chez la plupart des acteurs du retail et chez des grands compte.<\\\/p>\\n\n\n<p>\\u00a0<\\\/p>\",\"margin\":\"default\"}}]}]}]},{\"type\":\"section\",\"props\":{\"image_position\":\"center-center\",\"padding_remove_top\":false,\"style\":\"secondary\",\"title_breakpoint\":\"xl\",\"title_position\":\"top-left\",\"title_rotation\":\"left\",\"vertical_align\":\"\",\"width\":\"large\"},\"children\":[{\"type\":\"row\",\"children\":[{\"type\":\"column\",\"props\":{\"image_position\":\"center-center\",\"position_sticky_breakpoint\":\"m\",\"width_medium\":\"1-1\"},\"children\":[{\"type\":\"grid\",\"props\":{\"content_column_breakpoint\":\"m\",\"filter\":false,\"filter_align\":\"left\",\"filter_all\":true,\"filter_grid_breakpoint\":\"m\",\"filter_grid_width\":\"auto\",\"filter_position\":\"top\",\"filter_style\":\"tab\",\"grid_default\":\"3\",\"grid_large\":\"3\",\"grid_medium\":\"3\",\"grid_small\":\"3\",\"grid_xlarge\":\"3\",\"icon_width\":\"80\",\"image_align\":\"top\",\"image_box_shadow\":\"medium\",\"image_grid_breakpoint\":\"m\",\"image_grid_width\":\"1-2\",\"image_svg_color\":\"emphasis\",\"item_animation\":true,\"lightbox_bg_close\":true,\"link_style\":\"default\",\"link_text\":\"En savoir plus\",\"margin\":\"default\",\"meta_align\":\"below-title\",\"meta_element\":\"div\",\"meta_style\":\"text-meta\",\"parallax_easing\":\"1\",\"show_content\":true,\"show_hover_image\":true,\"show_hover_video\":true,\"show_image\":true,\"show_link\":true,\"show_meta\":true,\"show_title\":true,\"show_video\":true,\"text_align\":\"center\",\"title_align\":\"top\",\"title_element\":\"h3\",\"title_grid_breakpoint\":\"m\",\"title_grid_width\":\"1-2\",\"title_hover_style\":\"reset\"},\"children\":[{\"type\":\"grid_item\",\"props\":{\"content\":\"\",\"image\":\"wp-content\\\/uploads\\\/picto-page-secteur-PICTO-FOOD.png\",\"link\":\"\\\/solutions-digitales-restauration\\\/\",\"title\":\"RESTAURATION\"}},{\"type\":\"grid_item\",\"props\":{\"image\":\"wp-content\\\/uploads\\\/picto-page-secteur-HOTEL2.png\",\"link\":\"https:\\\/\\\/www.interway.fr\\\/hotellerie-solutions-digitales\\\/\",\"title\":\"HOTELLERIE\"}},{\"type\":\"grid_item\",\"props\":{\"image\":\"wp-content\\\/uploads\\\/picto-page-secteur-PICTO-RETAIL.png\",\"link\":\"\\\/solutions-digitales-retail\\\/\",\"title\":\"RETAIL\"}},{\"type\":\"grid_item\",\"props\":{\"image\":\"wp-content\\\/uploads\\\/picto-page-secteur-TRANSPORT.png\",\"link\":\"\\\/solutions-digitales-transport\\\/\",\"title\":\"TRANSPORT\"}},{\"type\":\"grid_item\",\"props\":{\"image\":\"wp-content\\\/uploads\\\/picto-page-secteur-banque.png\",\"link\":\"\\\/solutions-digitales-banque-et-assurance\\\/\",\"title\":\"BANQUE\\\/ASSURANCE\"}},{\"type\":\"grid_item\",\"props\":{\"image\":\"wp-content\\\/uploads\\\/picto-page-secteur-PICTO-SMARTCITY.png\",\"link\":\"\\\/grands-comptes\\\/\",\"title\":\"GRANDS COMPTES\"}}]}]}],\"props\":{\"width\":\"small\"}}]},{\"type\":\"section\",\"props\":{\"image_position\":\"center-center\",\"style\":\"default\",\"title_breakpoint\":\"xl\",\"title_position\":\"top-left\",\"title_rotation\":\"left\",\"vertical_align\":\"\",\"width\":\"large\"},\"children\":[{\"type\":\"row\",\"props\":{\"layout\":\"1-2,1-2\"},\"children\":[{\"type\":\"column\",\"props\":{\"image_position\":\"center-center\",\"position_sticky_breakpoint\":\"m\",\"width_medium\":\"1-2\"},\"children\":[{\"type\":\"divider\",\"props\":{\"divider_element\":\"hr\"}},{\"type\":\"headline\",\"props\":{\"content\":\"\n\n<h2>Ecosyst\\u00e8me Global<\\\/h2>\",\"title_element\":\"h1\",\"title_style\":\"heading-small\"}},{\"type\":\"text\",\"props\":{\"column_breakpoint\":\"m\",\"content\":\"\n\n<p>Interway est un partenaire strat\\u00e9gique cl\\u00e9 pour la transformation digitale, offrant un soutien complet tout au long du projet.<\\\/p>\\n\n\n<p>Nous \\u00e9laborons des strat\\u00e9gies sur mesure d\\u00e8s la phase de conception, mettons en \\u0153uvre des solutions efficaces et durables, et assurons une maintenance rigoureuse. Notre \\u00e9quipe d\\u2019experts est pr\\u00eate \\u00e0 relever les d\\u00e9fis pour transformer votre vision en une r\\u00e9alit\\u00e9 num\\u00e9rique florissante.\\u00a0<\\\/p>\\n\n\n<p>Interway est votre interlocuteur unique autour de comp\\u00e9tences pluridisciplinaires permettant un accompagnement global de votre transformation digitale, de la conception \\u00e0 la maintenance, en passant par la mise en \\u0153uvre.<\\\/p>\",\"margin\":\"default\"}}]},{\"type\":\"column\",\"props\":{\"image_position\":\"center-center\",\"position_sticky_breakpoint\":\"m\",\"width_medium\":\"1-2\"},\"children\":[{\"type\":\"image\",\"props\":{\"image\":\"wp-content\\\/uploads\\\/sch\\u00e9ma-\\u00e9cosyst\\u00e8me-2.png\",\"image_svg_color\":\"emphasis\",\"margin\":\"default\",\"maxwidth\":\"large\"}}]}]}]},{\"type\":\"section\",\"props\":{\"image_position\":\"center-center\",\"style\":\"default\",\"title_breakpoint\":\"xl\",\"title_position\":\"top-left\",\"title_rotation\":\"left\",\"vertical_align\":\"\",\"width\":\"large\"},\"children\":[{\"type\":\"row\",\"props\":{\"layout\":\"1-2,1-2\"},\"children\":[{\"type\":\"column\",\"props\":{\"image_position\":\"center-center\",\"position_sticky_breakpoint\":\"m\",\"width_medium\":\"1-2\"},\"children\":[{\"type\":\"image\",\"props\":{\"image\":\"wp-content\\\/uploads\\\/ease-enjoy-connect.jpg\",\"image_svg_color\":\"emphasis\",\"margin\":\"default\",\"maxwidth\":\"xlarge\"}}]},{\"type\":\"column\",\"props\":{\"image_position\":\"center-center\",\"position_sticky_breakpoint\":\"m\",\"width_medium\":\"1-2\"},\"children\":[{\"type\":\"divider\",\"props\":{\"divider_element\":\"hr\"}},{\"type\":\"headline\",\"props\":{\"content\":\"\n\n<h2>Unifier les expertises<\\\/h2>\",\"title_element\":\"h1\",\"title_style\":\"heading-small\"}},{\"type\":\"text\",\"props\":{\"column_breakpoint\":\"m\",\"content\":\"\n\n<p>Une exp\\u00e9rience client r\\u00e9ussie est la combinaison coh\\u00e9rente de solutions technologiques et sensorielles.<\\\/p>\",\"margin\":\"default\"}}]}]}]},{\"type\":\"section\",\"props\":{\"image_position\":\"center-center\",\"style\":\"muted\",\"title_breakpoint\":\"xl\",\"title_position\":\"top-left\",\"title_rotation\":\"left\",\"vertical_align\":\"\",\"width\":\"large\"},\"children\":[{\"type\":\"row\",\"children\":[{\"type\":\"column\",\"props\":{\"image_position\":\"center-center\",\"position_sticky_breakpoint\":\"m\",\"width_medium\":\"1-1\"},\"children\":[{\"type\":\"headline\",\"props\":{\"content\":\"\n\n<h2 class=\\\"av-special-heading-tag \\\">Un mod\\u00e8le \\u00e9conomique adapt\\u00e9 \\u00e0 vos besoins<\\\/h2>\",\"title_element\":\"h1\",\"title_style\":\"heading-small\"}},{\"type\":\"text\",\"props\":{\"column_breakpoint\":\"m\",\"content\":\"\n\n<p style=\\\"text-align: justify;\\\">Le Groupe Interway se distingue par la flexibilit\\u00e9 de son mod\\u00e8le \\u00e9conomique, con\\u00e7u pour r\\u00e9pondre de mani\\u00e8re personnalis\\u00e9e aux besoins sp\\u00e9cifiques de chaque entreprise. Nous offrons deux modalit\\u00e9s de partenariat, chacune ajust\\u00e9e pour s'aligner parfaitement avec votre contexte op\\u00e9rationnel et vos objectifs strat\\u00e9giques : le Mode Liberty et le Mode Invest.<\\\/p>\",\"margin\":\"default\"}}]}]},{\"type\":\"row\",\"props\":{\"divider\":false,\"layout\":\"1-2,1-2\"},\"children\":[{\"type\":\"column\",\"props\":{\"image_position\":\"center-center\",\"position_sticky_breakpoint\":\"m\",\"style\":\"tile-secondary\",\"vertical_align\":\"middle\",\"width_medium\":\"1-2\"},\"children\":[{\"type\":\"headline\",\"props\":{\"content\":\"\n\n<h3 style=\\\"text-align: center;\\\">Mode Liberty<\\\/h3>\",\"title_element\":\"h1\",\"title_style\":\"heading-small\"}},{\"type\":\"text\",\"props\":{\"column_breakpoint\":\"m\",\"content\":\"\n\n<p style=\\\"text-align: center;\\\">Location du mat\\u00e9riel et du service <br \\\/>Vos solutions technologiques peuvent \\u00e9voluer \\u00e0 tout moment<\\\/p>\",\"margin\":\"default\"}}]},{\"type\":\"column\",\"props\":{\"image_position\":\"center-center\",\"position_sticky_breakpoint\":\"m\",\"style\":\"tile-secondary\",\"vertical_align\":\"middle\",\"width_medium\":\"1-2\"},\"children\":[{\"type\":\"headline\",\"props\":{\"content\":\"\n\n<h3 style=\\\"text-align: center;\\\">Mode Invest<\\\/h3>\",\"title_element\":\"h1\",\"title_style\":\"heading-small\"}},{\"type\":\"text\",\"props\":{\"column_breakpoint\":\"m\",\"content\":\"\n\n<p style=\\\"text-align: center;\\\">Achat du mat\\u00e9riel et du service<br \\\/>Interway s\\u2019adapte \\u00e0 votre environnement<\\\/p>\",\"margin\":\"default\"}}]}]},{\"type\":\"row\",\"props\":{\"layout\":\"1-2,1-2\"},\"children\":[{\"type\":\"column\",\"props\":{\"image_position\":\"center-center\",\"position_sticky_breakpoint\":\"m\",\"width_medium\":\"1-2\"},\"children\":[{\"type\":\"text\",\"props\":{\"column_breakpoint\":\"m\",\"content\":\"\n\n<h4 style=\\\"text-align: center;\\\">AVANTAGES\\u00a0:\\u00a0<\\\/h4>\\n\n\n<p style=\\\"text-align: center;\\\">Une agilit\\u00e9 remarquable, vous permettant de rester \\u00e0 la pointe de l'innovation sans les contraintes li\\u00e9es \\u00e0 la propri\\u00e9t\\u00e9 permanente<\\\/p>\",\"margin\":\"default\"}}]},{\"type\":\"column\",\"props\":{\"image_position\":\"center-center\",\"position_sticky_breakpoint\":\"m\",\"width_medium\":\"1-2\"},\"children\":[{\"type\":\"text\",\"props\":{\"column_breakpoint\":\"m\",\"content\":\"\n\n<h4 style=\\\"text-align: center;\\\"><span style=\\\"text-decoration: underline;\\\">AVANTAGES\\u00a0:<\\\/span><\\\/h4>\\n\n\n<p style=\\\"text-align: center;\\\">La possession et la ma\\u00eetrise directe de leurs ressources, une stabilit\\u00e9 et une int\\u00e9gration profonde dans vos op\\u00e9rations<\\\/p>\",\"margin\":\"default\"}}]}]}]},{\"type\":\"section\",\"props\":{\"image_position\":\"center-center\",\"style\":\"default\",\"title_breakpoint\":\"xl\",\"title_position\":\"top-left\",\"title_rotation\":\"left\",\"vertical_align\":\"\",\"width\":\"large\"},\"children\":[{\"type\":\"row\",\"children\":[{\"type\":\"column\",\"props\":{\"image_position\":\"center-center\",\"position_sticky_breakpoint\":\"m\",\"width_medium\":\"1-1\"},\"children\":[{\"type\":\"totop\",\"props\":{\"margin\":\"default\",\"title_grid_column_gap\":\"small\",\"title_grid_row_gap\":\"small\"}}]}]}]}],\"version\":\"4.5.28\"} --><\/p>\n","protected":false},"excerpt":{"rendered":"<p>Vos m\u00e9tiers Interway vous accompagne dans votre digitalisation \u00a0 D\u00e9veloppeur et int\u00e9grateur de solutions mat\u00e9rielles et logicielles, op\u00e9rateur, et prestataire de services, le groupe INTERWAY apporte aux entreprises conseil et expertise sur l\u2019ensemble de leurs besoins technologiques, particuli\u00e8rement dans les domaines des r\u00e9seaux (WAN, LAN, WIFI priv\u00e9 et public), de la mon\u00e9tique IP, de solutions [&hellip;]<\/p>\n","protected":false},"author":1,"featured_media":0,"parent":0,"menu_order":0,"comment_status":"closed","ping_status":"closed","template":"","meta":{"_monsterinsights_skip_tracking":false,"_monsterinsights_sitenote_active":false,"_monsterinsights_sitenote_note":"","_monsterinsights_sitenote_category":0,"footnotes":""},"class_list":["post-183","page","type-page","status-publish","hentry"],"jetpack_sharing_enabled":true,"_links":{"self":[{"href":"https:\/\/www.interway.fr\/en\/wp-json\/wp\/v2\/pages\/183","targetHints":{"allow":["GET"]}}],"collection":[{"href":"https:\/\/www.interway.fr\/en\/wp-json\/wp\/v2\/pages"}],"about":[{"href":"https:\/\/www.interway.fr\/en\/wp-json\/wp\/v2\/types\/page"}],"author":[{"embeddable":true,"href":"https:\/\/www.interway.fr\/en\/wp-json\/wp\/v2\/users\/1"}],"replies":[{"embeddable":true,"href":"https:\/\/www.interway.fr\/en\/wp-json\/wp\/v2\/comments?post=183"}],"version-history":[{"count":130,"href":"https:\/\/www.interway.fr\/en\/wp-json\/wp\/v2\/pages\/183\/revisions"}],"predecessor-version":[{"id":1088703,"href":"https:\/\/www.interway.fr\/en\/wp-json\/wp\/v2\/pages\/183\/revisions\/1088703"}],"wp:attachment":[{"href":"https:\/\/www.interway.fr\/en\/wp-json\/wp\/v2\/media?parent=183"}],"curies":[{"name":"wp","href":"https:\/\/api.w.org\/{rel}","templated":true}]}}