{"id":1089770,"date":"2026-02-25T16:21:23","date_gmt":"2026-02-25T14:21:23","guid":{"rendered":"https:\/\/www.interway.fr\/?page_id=1089770"},"modified":"2026-02-25T16:23:58","modified_gmt":"2026-02-25T14:23:58","slug":"bornes-interactives","status":"publish","type":"page","link":"https:\/\/www.interway.fr\/en\/bornes-interactives\/","title":{"rendered":"Bornes Interactives"},"content":{"rendered":"<h1>\n<h1 style=\"text-align: center;\"><span style=\"color: #ffffff;\">bornes interactives<br \/><\/span><\/h1>\n<h4 style=\"text-align: center;\"><span style=\"color: #ffffff;\">Optimisez l&rsquo;exp\u00e9rience client de votre point de vente<\/span><\/h4>\n<\/h1>\n<div>\n<h2 style=\"text-align: center;\"><strong>Nos bornes interactives proposent le meilleur de la technologie avec un design sur mesure, adapt\u00e9 \u00e0 vos diff\u00e9rents projets.<\/strong><\/h2>\n<\/div>\n<h1>\n<h2 style=\"text-align: center;\"><span style=\"color: #000000;\">Les avantages de nos produits<\/span><\/h2>\n<h2 style=\"text-align: center;\">\n<p><\/h2>\n<\/h1>\n<ul>\n<li>\n<p>        <img decoding=\"async\" src=\"\/wp-content\/uploads\/picto-personnalisable.png\" alt=\"\"><\/p>\n<h3>Design sur mesure<\/h3>\n<\/li>\n<li>\n<p>        <img decoding=\"async\" src=\"\/wp-content\/uploads\/Picto-France-site-web-InStore-Solution.png\" alt=\"\"><\/p>\n<h3>Fabriqu\u00e9 en France<\/h3>\n<\/li>\n<li>\n<p>        <img decoding=\"async\" src=\"\/wp-content\/uploads\/Picto-gamme-indoor_outdoor-site-web-InStore-Solution.png\" alt=\"\"><\/p>\n<h3>Gamme indoor\/outdoor<\/h3>\n<\/li>\n<li>\n<p>        <img decoding=\"async\" src=\"\/wp-content\/uploads\/Picto-offre-globale-de-service-site-web-InStore-Solution.png\" alt=\"\"><\/p>\n<h3>Offre globale de services <\/h3>\n<\/li>\n<\/ul>\n<h1>\n<h2>Exemple de r\u00e9alisations<\/h2>\n<\/h1>\n<ul>\n<li>\n<p>        <img decoding=\"async\" src=\"\/wp-content\/uploads\/Borne-self-check-out-eletro-depot-InStore-Solution.jpg\" alt=\"\"><\/p>\n<h3>Bornes self-checkout<\/h3>\n<\/li>\n<li>\n<p>        <img decoding=\"async\" src=\"\/wp-content\/uploads\/20201017_152619-1.jpg\" alt=\"\"><\/p>\n<h3>Bornes drive<\/h3>\n<\/li>\n<li>\n<p>        <img decoding=\"async\" src=\"\/wp-content\/uploads\/images-pages-bornes-interactive-borne-de-commmande-site-web-InStore-Solution.jpg\" alt=\"\"><\/p>\n<h3>Bornes de commandes &#038; de paiement<\/h3>\n<\/li>\n<li>\n<p>        <img decoding=\"async\" src=\"\/wp-content\/uploads\/Borne-gel-hydro-site-web-InStore-Solution.jpg\" alt=\"\"><\/p>\n<h3>Bornes automates &#038; distributeurs<\/h3>\n<\/li>\n<li>\n<p>        <img decoding=\"async\" src=\"\/wp-content\/uploads\/Image-page-bornes-interactive-borne-accueil-infos-site-web-InStore-Solution.jpg\" alt=\"\"><\/p>\n<h3>Bornes d&rsquo;accueil &#038; d&rsquo;informations<\/h3>\n<\/li>\n<li>\n<p>        <img decoding=\"async\" src=\"\/wp-content\/uploads\/Totems-et-tables-interactives-InStore-Solution.jpg\" alt=\"\"><\/p>\n<h3>Totems et tables interactives<\/h3>\n<\/li>\n<\/ul>\n<h1>\n<h2 style=\"text-align: center;\">Nos bornes interactives cl\u00e9s en main<\/h2>\n<\/h1>\n<p><img decoding=\"async\" src=\"\/wp-content\/uploads\/KioskInstore.png\" alt=\"\"><\/p>\n<ul>\n<li>\n<p>        <img decoding=\"async\" src=\"\/wp-content\/uploads\/Image-offre-cle-en-main-conception.jpg\" alt=\"\"><\/p>\n<div>\n<h3 style=\"text-align: center;\">Conception<\/h3>\n<\/div>\n<\/li>\n<li>\n<p>        <img decoding=\"async\" src=\"\/wp-content\/uploads\/Image-offle-cle-en-main-developpement-specifique-1.jpg\" alt=\"\"><\/p>\n<div>\n<h3 style=\"text-align: center;\">Int\u00e9gration <br \/>Hardware &amp; Software<\/h3>\n<\/div>\n<\/li>\n<li>\n<p>        <img decoding=\"async\" src=\"\/wp-content\/uploads\/image-offre-cle-en-main-Interface-ERP-1.jpg\" alt=\"\"><\/p>\n<div>\n<h3 style=\"text-align: center;\">Gestion de projet<\/h3>\n<\/div>\n<\/li>\n<li>\n<p>        <img decoding=\"async\" src=\"\/wp-content\/uploads\/Image-installation-cle-en-main.jpg\" alt=\"\"><\/p>\n<div>\n<h3 style=\"text-align: center;\">Installation<\/h3>\n<\/div>\n<\/li>\n<li>\n<p>        <img decoding=\"async\" src=\"\/wp-content\/uploads\/MAINTENANCE.-1.jpg\" alt=\"\"><\/p>\n<div>\n<h3>Maintenance<\/h3>\n<\/div>\n<\/li>\n<\/ul>\n<h1>\n<h2>Quelques r\u00e9f\u00e9rences\u00a0<\/h2>\n<\/h1>\n<p><img decoding=\"async\" src=\"\/wp-content\/uploads\/FFF-logo-site-web-instore-1.png\" alt=\"\"><br \/>\n<img decoding=\"async\" src=\"\/wp-content\/uploads\/Image-nos-references-FFF-page-bornes-interactive-InStore-Solution.jpg\" alt=\"\"><\/p>\n<div>\n<p>Solutions digitales &#8211; Boutique officielle FFF \u00e0 Paris<\/p>\n<\/div>\n<p><img decoding=\"async\" src=\"\/wp-content\/uploads\/Boulanger-logo-siteweb-InStore.png\" alt=\"\"><br \/>\n<img decoding=\"async\" src=\"\/wp-content\/uploads\/Image-nos-references-Boulanger-page-borne-interactive-InStore-Solution.jpg\" alt=\"\"><\/p>\n<div>\n<p>D\u00e9ploiement du nouveau concept Boulanger Drive<\/p>\n<\/div>\n<p><img decoding=\"async\" src=\"\/wp-content\/uploads\/Electro-depot-logo-site-web-instore.png\" alt=\"\"><br \/>\n<img decoding=\"async\" src=\"\/wp-content\/uploads\/Borne-self-check-out-eletrco-depot-site-web-InStore-Solution.jpg\" alt=\"\"><\/p>\n<div>\n<p>D\u00e9ploiement solution self-check out Electro D\u00e9pot<\/p>\n<\/div>\n<p><p>\n        Nos autres r\u00e9f\u00e9rences    <\/p>\n<\/p>\n<div>\n<h3 class=\"et_pb_text_inner\" style=\"text-align: left;\"><span style=\"color: #ffffff;\"><span class=\"s1\">Vous souhaitez plus de renseignements sur nos bornes interactives <\/span><span class=\"s1\">et sur nos diff\u00e9rents services<\/span><span class=\"s1\">\u00a0?<\/span><\/span><\/h3>\n<\/div>\n<p><p>\n        <a href=\"\/contact\/\">Contactez-nous <\/a>\n    <\/p>\n<\/p>\n<p><!--more--><br \/>\n<!-- {\"name\":\"page m\\u00e9tier food\",\"type\":\"layout\",\"children\":[{\"type\":\"section\",\"props\":{\"image\":\"wp-content\\\/uploads\\\/Bandeau-solutions-digitales-InStore-Solution.jpg\",\"image_position\":\"center-center\",\"padding\":\"large\",\"style\":\"default\",\"title_breakpoint\":\"xl\",\"title_position\":\"top-left\",\"title_rotation\":\"left\",\"vertical_align\":\"\",\"width\":\"large\"},\"children\":[{\"type\":\"row\",\"children\":[{\"type\":\"column\",\"props\":{\"image_position\":\"center-center\",\"position_sticky_breakpoint\":\"m\",\"width_medium\":\"1-1\"},\"children\":[{\"type\":\"headline\",\"props\":{\"content\":\"\n\n<h1 style=\\\"text-align: center;\\\"><span style=\\\"color: #ffffff;\\\">bornes interactives<br \\\/><\\\/span><\\\/h1>\\n\n\n<h4 style=\\\"text-align: center;\\\"><span style=\\\"color: #ffffff;\\\">Optimisez l'exp\\u00e9rience client de votre point de vente<\\\/span><\\\/h4>\",\"maxwidth\":\"xlarge\",\"text_align\":\"left\",\"title_element\":\"h1\",\"title_style\":\"heading-small\"}}]}]}]},{\"type\":\"section\",\"props\":{\"image_position\":\"center-center\",\"overlap\":true,\"preserve_color\":false,\"style\":\"secondary\",\"title_breakpoint\":\"xl\",\"title_position\":\"top-left\",\"title_rotation\":\"left\",\"vertical_align\":\"\",\"width\":\"large\"},\"children\":[{\"type\":\"row\",\"children\":[{\"type\":\"column\",\"props\":{\"image_position\":\"center-center\",\"position_sticky_breakpoint\":\"m\",\"width_medium\":\"1-1\"},\"children\":[{\"type\":\"text\",\"props\":{\"column_breakpoint\":\"m\",\"content\":\"\n\n<h2 style=\\\"text-align: center;\\\"><strong>Nos bornes interactives proposent le meilleur de la technologie avec un design sur mesure, adapt\\u00e9 \\u00e0 vos diff\\u00e9rents projets.<\\\/strong><\\\/h2>\",\"margin\":\"default\",\"text_align\":\"center\",\"text_style\":\"large\"}}]}]}]},{\"type\":\"section\",\"props\":{\"image_position\":\"center-center\",\"overlap\":false,\"padding_remove_bottom\":true,\"padding_remove_top\":true,\"style\":\"default\",\"title_breakpoint\":\"xl\",\"title_position\":\"top-left\",\"title_rotation\":\"left\",\"vertical_align\":\"\",\"width\":\"large\"},\"children\":[{\"type\":\"row\",\"children\":[{\"type\":\"column\",\"props\":{\"image_position\":\"center-center\",\"position_sticky_breakpoint\":\"m\",\"width_medium\":\"1-1\"},\"children\":[{\"type\":\"headline\",\"props\":{\"content\":\"\n\n<h2 style=\\\"text-align: center;\\\"><span style=\\\"color: #000000;\\\">Les avantages de nos produits<\\\/span><\\\/h2>\\n\n\n<h2 style=\\\"text-align: center;\\\"><br \\\/><br \\\/><br \\\/><\\\/h2>\",\"margin_remove_top\":false,\"title_element\":\"h1\",\"title_style\":\"heading-small\"}},{\"type\":\"grid\",\"props\":{\"content_column_breakpoint\":\"m\",\"filter_align\":\"left\",\"filter_all\":true,\"filter_grid_breakpoint\":\"m\",\"filter_grid_width\":\"auto\",\"filter_position\":\"top\",\"filter_style\":\"tab\",\"grid_column_gap\":\"small\",\"grid_default\":\"4\",\"grid_large\":\"4\",\"grid_medium\":\"4\",\"grid_row_gap\":\"small\",\"grid_small\":\"4\",\"grid_xlarge\":\"4\",\"icon_width\":80,\"image_align\":\"top\",\"image_grid_breakpoint\":\"m\",\"image_grid_width\":\"1-2\",\"image_svg_color\":\"emphasis\",\"item_animation\":true,\"item_maxwidth\":\"medium\",\"lightbox_bg_close\":true,\"link_style\":\"default\",\"link_text\":\"Read more\",\"margin\":\"default\",\"meta_align\":\"below-title\",\"meta_element\":\"div\",\"meta_style\":\"text-meta\",\"panel_padding\":\"small\",\"panel_style\":\"card-default\",\"position\":\"relative\",\"position_top\":\"-110\",\"show_content\":true,\"show_hover_image\":true,\"show_hover_video\":true,\"show_image\":true,\"show_link\":true,\"show_meta\":true,\"show_title\":true,\"show_video\":true,\"text_align\":\"center\",\"title_align\":\"top\",\"title_element\":\"h3\",\"title_grid_breakpoint\":\"m\",\"title_grid_width\":\"1-2\",\"title_hover_style\":\"reset\"},\"children\":[{\"type\":\"grid_item\",\"props\":{\"image\":\"wp-content\\\/uploads\\\/picto-personnalisable.png\",\"title\":\"Design sur mesure\"}},{\"type\":\"grid_item\",\"props\":{\"image\":\"wp-content\\\/uploads\\\/Picto-France-site-web-InStore-Solution.png\",\"title\":\"Fabriqu\\u00e9 en France\"}},{\"type\":\"grid_item\",\"props\":{\"image\":\"wp-content\\\/uploads\\\/Picto-gamme-indoor_outdoor-site-web-InStore-Solution.png\",\"title\":\"Gamme indoor\\\/outdoor\"}},{\"type\":\"grid_item\",\"props\":{\"image\":\"wp-content\\\/uploads\\\/Picto-offre-globale-de-service-site-web-InStore-Solution.png\",\"title\":\"Offre globale de services \"}}]}]}]}]},{\"type\":\"section\",\"props\":{\"image_position\":\"center-center\",\"style\":\"muted\",\"title_breakpoint\":\"xl\",\"title_position\":\"top-left\",\"title_rotation\":\"left\",\"vertical_align\":\"middle\",\"width\":\"default\"},\"children\":[{\"type\":\"row\",\"children\":[{\"type\":\"column\",\"props\":{\"image_position\":\"center-center\",\"position_sticky_breakpoint\":\"m\"},\"children\":[{\"type\":\"headline\",\"props\":{\"content\":\"\n\n<h2>Exemple de r\\u00e9alisations<\\\/h2>\",\"title_element\":\"h1\"}},{\"type\":\"gallery\",\"props\":{\"filter_align\":\"left\",\"filter_all\":true,\"filter_grid_breakpoint\":\"m\",\"filter_grid_width\":\"auto\",\"filter_position\":\"top\",\"filter_style\":\"tab\",\"grid_default\":\"3\",\"grid_large\":\"3\",\"grid_medium\":\"3\",\"grid_small\":\"3\",\"grid_xlarge\":\"3\",\"image_height\":300,\"image_width\":300,\"item_animation\":true,\"lightbox_bg_close\":true,\"link_size\":\"small\",\"link_style\":\"default\",\"link_text\":\"En savoir plus\",\"margin\":\"large\",\"meta_align\":\"below-title\",\"meta_element\":\"div\",\"meta_style\":\"text-meta\",\"overlay_hover\":true,\"overlay_margin\":\"small\",\"overlay_maxwidth\":\"medium\",\"overlay_mode\":\"cover\",\"overlay_position\":\"center\",\"overlay_style\":\"tile-default\",\"overlay_transition\":\"fade\",\"show_content\":true,\"show_hover_image\":true,\"show_hover_video\":true,\"show_link\":true,\"show_meta\":true,\"show_title\":true,\"text_align\":\"center\",\"text_color\":\"light\",\"title_color\":\"warning\",\"title_element\":\"h3\",\"title_hover_style\":\"reset\",\"title_margin\":\"xlarge\"},\"children\":[{\"type\":\"gallery_item\",\"props\":{\"image\":\"wp-content\\\/uploads\\\/Borne-self-check-out-eletro-depot-InStore-Solution.jpg\",\"title\":\"Bornes self-checkout\"}},{\"type\":\"gallery_item\",\"props\":{\"image\":\"wp-content\\\/uploads\\\/20201017_152619-1.jpg\",\"title\":\"Bornes drive\"}},{\"type\":\"gallery_item\",\"props\":{\"image\":\"wp-content\\\/uploads\\\/images-pages-bornes-interactive-borne-de-commmande-site-web-InStore-Solution.jpg\",\"title\":\"Bornes de commandes & de paiement\"}},{\"type\":\"gallery_item\",\"props\":{\"image\":\"wp-content\\\/uploads\\\/Borne-gel-hydro-site-web-InStore-Solution.jpg\",\"title\":\"Bornes automates & distributeurs\"}},{\"type\":\"gallery_item\",\"props\":{\"image\":\"wp-content\\\/uploads\\\/Image-page-bornes-interactive-borne-accueil-infos-site-web-InStore-Solution.jpg\",\"title\":\"Bornes d'accueil & d'informations\"}},{\"type\":\"gallery_item\",\"props\":{\"image\":\"wp-content\\\/uploads\\\/Totems-et-tables-interactives-InStore-Solution.jpg\",\"title\":\"Totems et tables interactives\"}}]}]}]}]},{\"type\":\"section\",\"props\":{\"image_position\":\"center-center\",\"style\":\"default\",\"title_breakpoint\":\"xl\",\"title_position\":\"top-left\",\"title_rotation\":\"left\",\"vertical_align\":\"middle\",\"width\":\"default\"},\"children\":[{\"type\":\"row\",\"children\":[{\"type\":\"column\",\"props\":{\"image_position\":\"center-center\",\"position_sticky_breakpoint\":\"m\"},\"children\":[{\"type\":\"headline\",\"props\":{\"content\":\"\n\n<h2 style=\\\"text-align: center;\\\">Nos bornes interactives cl\\u00e9s en main<\\\/h2>\",\"title_element\":\"h1\"}},{\"type\":\"image\",\"props\":{\"image\":\"wp-content\\\/uploads\\\/KioskInstore.png\",\"image_svg_color\":\"emphasis\",\"margin\":\"default\",\"text_align\":\"center\"}}]}]},{\"type\":\"row\",\"children\":[{\"type\":\"column\",\"props\":{\"image_position\":\"center-center\",\"position_sticky_breakpoint\":\"m\"},\"children\":[{\"type\":\"gallery\",\"props\":{\"filter_align\":\"left\",\"filter_all\":true,\"filter_grid_breakpoint\":\"m\",\"filter_grid_width\":\"auto\",\"filter_position\":\"top\",\"filter_style\":\"tab\",\"grid_default\":\"5\",\"grid_medium\":\"5\",\"grid_row_align\":false,\"grid_small\":\"5\",\"item_animation\":true,\"lightbox_bg_close\":true,\"link_style\":\"default\",\"link_text\":\"Read more\",\"margin\":\"default\",\"meta_align\":\"below-title\",\"meta_element\":\"div\",\"meta_style\":\"text-meta\",\"overlay_hover\":true,\"overlay_mode\":\"cover\",\"overlay_position\":\"center\",\"overlay_style\":\"tile-secondary\",\"overlay_transition\":\"fade\",\"overlay_transition_background\":true,\"show_content\":true,\"show_hover_image\":true,\"show_hover_video\":true,\"show_link\":true,\"show_meta\":true,\"show_title\":true,\"text_align\":\"center\",\"text_color\":\"light\",\"title_element\":\"h3\",\"title_hover_style\":\"reset\"},\"children\":[{\"type\":\"gallery_item\",\"props\":{\"content\":\"\n\n<h3 style=\\\"text-align: center;\\\">Conception<\\\/h3>\",\"image\":\"wp-content\\\/uploads\\\/Image-offre-cle-en-main-conception.jpg\"}},{\"type\":\"gallery_item\",\"props\":{\"content\":\"\n\n<h3 style=\\\"text-align: center;\\\">Int\\u00e9gration <br \\\/>Hardware &amp; Software<\\\/h3>\",\"image\":\"wp-content\\\/uploads\\\/Image-offle-cle-en-main-developpement-specifique-1.jpg\"}},{\"type\":\"gallery_item\",\"props\":{\"content\":\"\n\n<h3 style=\\\"text-align: center;\\\">Gestion de projet<\\\/h3>\",\"image\":\"wp-content\\\/uploads\\\/image-offre-cle-en-main-Interface-ERP-1.jpg\"}},{\"type\":\"gallery_item\",\"props\":{\"content\":\"\n\n<h3 style=\\\"text-align: center;\\\">Installation<\\\/h3>\",\"image\":\"wp-content\\\/uploads\\\/Image-installation-cle-en-main.jpg\"}},{\"type\":\"gallery_item\",\"props\":{\"content\":\"\n\n<h3>Maintenance<\\\/h3>\",\"image\":\"wp-content\\\/uploads\\\/MAINTENANCE.-1.jpg\"}}]}]}]}]},{\"type\":\"section\",\"props\":{\"image_position\":\"center-center\",\"padding_remove_top\":false,\"style\":\"muted\",\"title_breakpoint\":\"xl\",\"title_position\":\"top-left\",\"title_rotation\":\"left\",\"vertical_align\":\"middle\",\"width\":\"default\"},\"children\":[{\"type\":\"row\",\"children\":[{\"type\":\"column\",\"props\":{\"image_position\":\"center-center\",\"position_sticky_breakpoint\":\"m\"},\"children\":[{\"type\":\"headline\",\"props\":{\"content\":\"\n\n<h2>Quelques r\\u00e9f\\u00e9rences\\u00a0<\\\/h2>\",\"title_element\":\"h1\"}}]}]},{\"type\":\"row\",\"props\":{\"layout\":\"1-3,1-3,1-3\"},\"children\":[{\"type\":\"column\",\"props\":{\"image_position\":\"center-center\",\"position_sticky_breakpoint\":\"m\",\"style\":\"tile-default\",\"width_medium\":\"1-3\"},\"children\":[{\"type\":\"image\",\"props\":{\"image\":\"wp-content\\\/uploads\\\/FFF-logo-site-web-instore-1.png\",\"image_svg_color\":\"emphasis\",\"margin\":\"default\"}},{\"type\":\"image\",\"props\":{\"image\":\"wp-content\\\/uploads\\\/Image-nos-references-FFF-page-bornes-interactive-InStore-Solution.jpg\",\"image_svg_color\":\"emphasis\",\"margin\":\"default\"}},{\"type\":\"text\",\"props\":{\"column_breakpoint\":\"m\",\"content\":\"\n\n<p>Solutions digitales - Boutique officielle FFF \\u00e0 Paris<\\\/p>\",\"margin\":\"default\",\"text_align\":\"center\"}}]},{\"type\":\"column\",\"props\":{\"image_position\":\"center-center\",\"position_sticky_breakpoint\":\"m\",\"style\":\"tile-default\",\"width_medium\":\"1-3\"},\"children\":[{\"type\":\"image\",\"props\":{\"image\":\"wp-content\\\/uploads\\\/Boulanger-logo-siteweb-InStore.png\",\"image_svg_color\":\"emphasis\",\"margin\":\"default\"}},{\"type\":\"image\",\"props\":{\"image\":\"wp-content\\\/uploads\\\/Image-nos-references-Boulanger-page-borne-interactive-InStore-Solution.jpg\",\"image_svg_color\":\"emphasis\",\"margin\":\"default\"}},{\"type\":\"text\",\"props\":{\"column_breakpoint\":\"m\",\"content\":\"\n\n<p>D\\u00e9ploiement du nouveau concept Boulanger Drive<\\\/p>\",\"margin\":\"default\",\"text_align\":\"center\"}}]},{\"type\":\"column\",\"props\":{\"image_position\":\"center-center\",\"position_sticky_breakpoint\":\"m\",\"style\":\"tile-default\",\"width_medium\":\"1-3\"},\"children\":[{\"type\":\"image\",\"props\":{\"image\":\"wp-content\\\/uploads\\\/Electro-depot-logo-site-web-instore.png\",\"image_svg_color\":\"emphasis\",\"margin\":\"default\"}},{\"type\":\"image\",\"props\":{\"image\":\"wp-content\\\/uploads\\\/Borne-self-check-out-eletrco-depot-site-web-InStore-Solution.jpg\",\"image_svg_color\":\"emphasis\",\"margin\":\"default\"}},{\"type\":\"text\",\"props\":{\"column_breakpoint\":\"m\",\"content\":\"\n\n<p>D\\u00e9ploiement solution self-check out Electro D\\u00e9pot<\\\/p>\",\"margin\":\"default\",\"text_align\":\"center\"}}]}]},{\"type\":\"row\",\"children\":[{\"type\":\"column\",\"props\":{\"image_position\":\"center-center\",\"position_sticky_breakpoint\":\"m\"},\"children\":[{\"type\":\"button\",\"props\":{\"grid_column_gap\":\"small\",\"grid_row_gap\":\"small\",\"margin\":\"default\"},\"children\":[{\"type\":\"button_item\",\"props\":{\"button_style\":\"default\",\"content\":\"Nos autres r\\u00e9f\\u00e9rences\",\"dialog_layout\":\"modal\",\"dialog_offcanvas_flip\":true,\"icon_align\":\"left\"}}]}]}]}]},{\"type\":\"section\",\"props\":{\"image_position\":\"center-center\",\"style\":\"secondary\",\"title_breakpoint\":\"xl\",\"title_position\":\"top-left\",\"title_rotation\":\"left\",\"vertical_align\":\"middle\",\"width\":\"default\"},\"children\":[{\"type\":\"row\",\"props\":{\"layout\":\"2-3,1-3\"},\"children\":[{\"type\":\"column\",\"props\":{\"image_position\":\"center-center\",\"position_sticky_breakpoint\":\"m\",\"width_medium\":\"2-3\"},\"children\":[{\"type\":\"text\",\"props\":{\"column_breakpoint\":\"m\",\"content\":\"\n\n<h3 class=\\\"et_pb_text_inner\\\" style=\\\"text-align: left;\\\"><span style=\\\"color: #ffffff;\\\"><span class=\\\"s1\\\">Vous souhaitez plus de renseignements sur nos bornes interactives <\\\/span><span class=\\\"s1\\\">et sur nos diff\\u00e9rents services<\\\/span><span class=\\\"s1\\\">\\u00a0?<\\\/span><\\\/span><\\\/h3>\",\"margin\":\"default\"}}]},{\"type\":\"column\",\"props\":{\"image_position\":\"center-center\",\"position_sticky_breakpoint\":\"m\",\"width_medium\":\"1-3\"},\"children\":[{\"type\":\"button\",\"props\":{\"grid_column_gap\":\"small\",\"grid_row_gap\":\"small\",\"margin\":\"default\"},\"children\":[{\"type\":\"button_item\",\"props\":{\"button_style\":\"default\",\"content\":\"Contactez-nous \",\"dialog_layout\":\"modal\",\"dialog_offcanvas_flip\":true,\"icon_align\":\"left\",\"link\":\"contact\\\/\"}}]}]}]}]},{\"type\":\"section\",\"props\":{\"image_position\":\"center-center\",\"style\":\"default\",\"title_breakpoint\":\"xl\",\"title_position\":\"top-left\",\"title_rotation\":\"left\",\"vertical_align\":\"\",\"width\":\"large\"},\"children\":[{\"type\":\"row\",\"children\":[{\"type\":\"column\",\"props\":{\"image_position\":\"center-center\",\"position_sticky_breakpoint\":\"m\",\"width_medium\":\"1-1\"},\"children\":[{\"type\":\"totop\",\"props\":{\"margin\":\"default\",\"title_grid_column_gap\":\"small\",\"title_grid_row_gap\":\"small\"}}]}]}]}],\"version\":\"4.5.33\"} --><\/p>\n","protected":false},"excerpt":{"rendered":"<p>bornes interactives Optimisez l&rsquo;exp\u00e9rience client de votre point de vente Nos bornes interactives proposent le meilleur de la technologie avec un design sur mesure, adapt\u00e9 \u00e0 vos diff\u00e9rents projets. Les avantages de nos produits Design sur mesure Fabriqu\u00e9 en France Gamme indoor\/outdoor Offre globale de services Exemple de r\u00e9alisations Bornes self-checkout Bornes drive Bornes de [&hellip;]<\/p>\n","protected":false},"author":6,"featured_media":0,"parent":0,"menu_order":0,"comment_status":"closed","ping_status":"closed","template":"","meta":{"_monsterinsights_skip_tracking":false,"_monsterinsights_sitenote_active":false,"_monsterinsights_sitenote_note":"","_monsterinsights_sitenote_category":0,"footnotes":""},"class_list":["post-1089770","page","type-page","status-publish","hentry"],"jetpack_sharing_enabled":true,"_links":{"self":[{"href":"https:\/\/www.interway.fr\/en\/wp-json\/wp\/v2\/pages\/1089770","targetHints":{"allow":["GET"]}}],"collection":[{"href":"https:\/\/www.interway.fr\/en\/wp-json\/wp\/v2\/pages"}],"about":[{"href":"https:\/\/www.interway.fr\/en\/wp-json\/wp\/v2\/types\/page"}],"author":[{"embeddable":true,"href":"https:\/\/www.interway.fr\/en\/wp-json\/wp\/v2\/users\/6"}],"replies":[{"embeddable":true,"href":"https:\/\/www.interway.fr\/en\/wp-json\/wp\/v2\/comments?post=1089770"}],"version-history":[{"count":24,"href":"https:\/\/www.interway.fr\/en\/wp-json\/wp\/v2\/pages\/1089770\/revisions"}],"predecessor-version":[{"id":1090045,"href":"https:\/\/www.interway.fr\/en\/wp-json\/wp\/v2\/pages\/1089770\/revisions\/1090045"}],"wp:attachment":[{"href":"https:\/\/www.interway.fr\/en\/wp-json\/wp\/v2\/media?parent=1089770"}],"curies":[{"name":"wp","href":"https:\/\/api.w.org\/{rel}","templated":true}]}}